{"id":72,"date":"2020-11-18T01:11:36","date_gmt":"2020-11-18T01:11:36","guid":{"rendered":"https:\/\/martirinonnati.org\/?page_id=72"},"modified":"2021-06-01T17:14:12","modified_gmt":"2021-06-01T17:14:12","slug":"blog-2","status":"publish","type":"page","link":"https:\/\/martiriabortiti.org\/?page_id=72","title":{"rendered":"Blog"},"content":{"rendered":"\n\n\n<style>.wp-show-posts-columns#wpsp-561 {margin-left: -2em; }.wp-show-posts-columns#wpsp-561 .wp-show-posts-inner {margin: 0 0 2em 2em; }<\/style><section id=\"wpsp-561\" class=\" wp-show-posts\" style=\"\"><article class=\" wp-show-posts-single wpsp-clearfix post-3441 post type-post status-publish format-standard has-post-thumbnail hentry category-blog\" itemtype=\"http:\/\/schema.org\/CreativeWork\" itemscope><div class=\"wp-show-posts-inner\" style=\"\">\t\t\t\t\t\t<header class=\"wp-show-posts-entry-header\">\n\t\t\t\t\t\t\t<h2 class=\"wp-show-posts-entry-title\" itemprop=\"headline\"><a href=\"https:\/\/martiriabortiti.org\/?p=3441\" rel=\"bookmark\">LA MAFIA DELL&#8217;ABORTO<\/a><\/h2><div class=\"wp-show-posts-entry-meta wp-show-posts-entry-meta-below-title post-meta-inline\"><span class=\"wp-show-posts-posted-on wp-show-posts-meta\">\n\t\t\t\t\t<a href=\"https:\/\/martiriabortiti.org\/?p=3441\" title=\"\" rel=\"bookmark\"><time class=\"wp-show-posts-entry-date published\" datetime=\"\" itemprop=\"datePublished\"><\/time><time class=\"wp-show-posts-updated\" datetime=\"\" itemprop=\"dateModified\"><\/time><\/a>\n\t\t\t\t<\/span><\/div>\t\t\t\t\t\t<\/header><!-- .entry-header -->\n\t\t\t\t\t\t\t<div class=\"wp-show-posts-image  wpsp-image-center \">\n\t\t\t<a href=\"https:\/\/martiriabortiti.org\/?p=3441\" title=\"LA MAFIA DELL&#8217;ABORTO\"><img decoding=\"async\" width=\"982\" height=\"1086\" src=\"https:\/\/martiriabortiti.org\/wp-content\/uploads\/2023\/02\/foto.jpg\" class=\"attachment-full size-full wp-post-image\" alt=\"LA MAFIA DELL&#039;ABORTO\" itemprop=\"image\" srcset=\"https:\/\/martiriabortiti.org\/wp-content\/uploads\/2023\/02\/foto.jpg 982w, https:\/\/martiriabortiti.org\/wp-content\/uploads\/2023\/02\/foto-271x300.jpg 271w, https:\/\/martiriabortiti.org\/wp-content\/uploads\/2023\/02\/foto-926x1024.jpg 926w, https:\/\/martiriabortiti.org\/wp-content\/uploads\/2023\/02\/foto-768x849.jpg 768w\" sizes=\"(max-width: 982px) 100vw, 982px\" \/><\/a>\t\t<\/div>\n\t\t\t\t\t\t\t\t<div class=\"wp-show-posts-entry-content\" itemprop=\"text\">\n\t\t\t\t\t\t\t\n<p><img decoding=\"async\" class=\" wp-image-3439 aligncenter\" src=\"https:\/\/martirinonnati.org\/wp-content\/uploads\/2023\/02\/Articolo-La-Mafia-dellAborto_page-0001-300x192.jpg\" alt=\"\" width=\"391\" height=\"250\" srcset=\"https:\/\/martiriabortiti.org\/wp-content\/uploads\/2023\/02\/Articolo-La-Mafia-dellAborto_page-0001-300x192.jpg 300w, https:\/\/martiriabortiti.org\/wp-content\/uploads\/2023\/02\/Articolo-La-Mafia-dellAborto_page-0001-1024x656.jpg 1024w, https:\/\/martiriabortiti.org\/wp-content\/uploads\/2023\/02\/Articolo-La-Mafia-dellAborto_page-0001-768x492.jpg 768w, https:\/\/martiriabortiti.org\/wp-content\/uploads\/2023\/02\/Articolo-La-Mafia-dellAborto_page-0001.jpg 1077w\" sizes=\"(max-width: 391px) 100vw, 391px\" \/><\/p>\n\n\n\n<h2><span style=\"font-size: 8px; color: #ffffff;\">LA MAFIA DELL&#8217;ABORTO<\/span><\/h2>\n<p>Quando mor\u00ec Tot\u00f2 Riina, un parroco bolognese, D. Francesco Pieri, si chiesesui social chi avesse pi\u00f9 innocenti sulla coscienza tra Emma Bonino e Tot\u00f2 Riina. Si scaten\u00f2 una grande reazione d&#8217;indignazione, senza pensare che un altro \u201csacerdote\u201d, Papa Francesco, aveva detto e lo ripete spesso che l &#8216;aborto \u00e8 come la mafia, ma nessuno comment\u00f2 tale affermazione. Sembrava un&#8217;uscita estemporanea forse\u00a0 una provocazione intellettuale, ma in realt\u00e0 celava una grande verit\u00e0.<\/p>\n<p>\u00a0Mafia \u00e8 un termine espanso, ormai si parla di mafie. Su questo tema si \u00e8 tanto investigato e sicontinua a investigare\u00a0 analizzando i vari aspetti di questo fenomeno. Quello che ci interessa \u00e8 individuare quale \u00e8 la cosa pi\u00f9 importante per il mafioso, qual \u00e8 l\u2019essenza di questa religione malavitosa. Si scoprir\u00e0che \u00e8 il potere di avere uomini al proprio comando con la facolt\u00e0 di decidere sulla vita e sulla morte di una persona.<\/p>\n<p><em>\u201cPi\u00f9 appropriato a definire l\u2019essenza di questa religione \u00e8 forse il qualificarla come culto del potere e del prestigio che ne deriva. Nell\u2019universo mafioso il potere \u00e8 pi\u00f9 importante della ricchezza economica e di qualsiasi altra cosa: \u201cU cummannari \u00e8 megghiu \u2019rufuttiri\u201d, recita un detto siciliano, \u201cil piacere del comando supera quello sessuale\u201d.<\/em><\/p>\n<p><em>La fondamentalit\u00e0 dell\u2019onore nella struttura dell\u2019azione mafiosa fa s\u00ec che il movente economico puro e semplice \u2013 inteso sia nei termini della volgare sete di guadagno che in quelli della religione dell\u2019accumulazione \u2013 non riesca ad affermarsi come il supremo dei rapporti e delle posizionisociali.<\/em><\/p>\n<p><em>Anche ora che \u201cl\u2019approdo verso l\u2019imprenditorialit\u00e0 ha significato l\u2019assunzione della moderna cultura del successo\u2026\u00e8 la ricerca della potenza e non la sete di lucro che caratterizza, in ultima analisi, il mafioso imprenditore\u201d. E\u2019 questa una delle note che pi\u00f9 chiaramente distinguono la mentalit\u00e0 del mafioso da quella del comune delinquente. A proposito di Michele Navarra, capo della mafia di Corleone prima che, negli anni Settanta del secolo scorso, Luciano Liggioprendesse il suo posto, facendolo uccidere in un agguato, la Commissione Antimafia osserva:<\/em><\/p>\n<p><em>\u201cLa scarsa consistenza patrimoniale dimostra come Navarra pi\u00f9 che al denaro in quanto tale abbia sempre mirato al potere\u2026\u201d<\/em><\/p>\n<p><em>Di suo fratello, capo della mafia catanese, che riceveva ogni giorno gente che veniva a chiedergli favori di ogni genere, il pentito Calderone ricorda con fierezza che\u201cnon ha mai preso una lira per queste sue attivit\u00e0\u2026 Nessuno doveva parlare di soldi in sua presenza, quando gli veniva a chiedere un favore. Pippo avrebbe buttato fuori chi lo avesse fatto\u201d<\/em><\/p>\n<p><em>La religione del boss mafioso comporta una rigorosa ascesi. Per sfuggire alla cattura, senza rinunciare per\u00f2 al controllo del suo territorio, e dunque escludendo l\u2019ipotesi della fuga all\u2019estero(dove potrebbe vivere da nababbo con le immense fortune illecitamente accumulate), spesso egli vive, come \u00e8 stato nel caso di Bernardo Provenzano, in condizioni logistiche estremamente precarie: Gli basta sapere che la vita di altri uomini \u00e8 nelle sue mani e che egli ne dispone a proprio arbitrio. Leonluca Bagarella ha detto pi\u00f9 di una volta a un suo aiutante, poi pentito: \u201cIo ho la possibilit\u00e0 domani mattina di decidere se una persona dovr\u00e0 vedere o meno il sole\u2026 Tu lo capisci che io sono simile a Dio?\u201d( S.E.Mons. Vincenzo Bertolone, La sapienza del sorriso, Il martirio di Don Giuseppe Puglisi, Ed. Paoline, 2012)<\/em><\/p>\n<p>Quindi al centro del pensierodel boss mafioso c&#8217;\u00e8 il delirio di Onnipotenza dell&#8217;io individuale che diventa l&#8217;idolo.<\/p>\n<p>Lo stesso meccanismo della mafia si ritrova nell\u2019aborto<\/p>\n<p>Aborto \u00e8 una parola che continua ad essere usata con l\u2019obiettivo perfino di farlo riconoscere come diritto fondamentale della donna. Guai a parlare in tanti paesi del mondo contro una legge approvata dallo stato che ha reso legale l\u2019aborto. Sempre si ribadisce che i diritti acquisiti della donna non si toccano, ne va di mezzo la sua libert\u00e0. Il punto fondamentale della questione aborto \u00e8 il potere decisionale della madre, la sua <strong>autodeterminazione<\/strong> nel decidere sulla vita e la morte\u00a0di un\u2019altra persona, cio\u00e8 del bimbo non nato che porta in grembo.<\/p>\n<p>La questione economica nella mafiaabbiamo visto che \u00e8 secondaria, entra in gioco sempre come interesse egoistico di prevaricazione sull&#8217;altro. Nell&#8217;aborto l&#8217;interesse economico \u00e8 anche presente sia nel medico che nell&#8217;organizzazione delle cliniche abortive come una fonte di guadagno con un grande giro d&#8217;interesse. Solo negli USA si aggira su circa un miliardo di dollari all&#8217;anno. Per quanto riguarda la donna \u00e8 presentecome difficolt\u00e0 economica e paura per il suo presente e\u00a0 futuro. Dal punto di vista spirituale anche nell\u2019aborto la questione economica \u00e8 secondaria.<\/p>\n<p>L&#8217;elemento fondamentale comune della mafia e dell&#8217;aborto \u00e8 il relativismo che \u00e8 lievito madre di queste mentalit\u00e0. Sostanzialmente \u00e8 il togliere Dio con la sua legge naturale e divina dal centro della vita e mettere al suo posto l&#8217;ego, il nuovo dio con il suo potere di decidere del bene e del male. Tutto questo \u00e8 fatto concretamente anche da persone credenti che perfino ricevono la Comunione credendo di essere inserite nel Corpo di Cristo che \u00e8 la Chiesa. Al centro c&#8217;\u00e8 il potere egocentrico della persona l&#8217;Io che diventa l&#8217;idolo.<\/p>\n<p>L&#8217;azione mafiosa viene messa in atto attraverso la sua organizzazione pratica dove vi sono boss di vario rango che sono i mandanti e ci sono gli esecutori materiali delle azioni criminali,\u00a0 questi sono i sicari che compiono materialmente intimidazioni e omicidi. <br \/>Anche nell&#8217;aborto abbiamo &#8220;boss&#8221; di vario rango: politici, intellettuali,\u00a0 gli stessi genitori che sono in pratica i mandanti degli orribili delitti di aborto, e i sicari: i medici o gli \u201cesperti\u201d che eseguono materialmente gli ordini.<\/p>\n<p>Dunque l\u2019aborto \u00e8 un omicidio, compiuto da un mandante che d\u00e0 ordine a un sicario.<\/p>\n<p>Papa Francesco lo ha ribadito diverse volte nella sua visione pratica e illuminante dicendo che<\/p>\n<p><em>\u201cl\u2019aborto non \u00e8 un \u201cmale minore\u201d. E\u2019 un crimine&#8230;<strong> E\u2019 quello che fa la mafia<\/strong>. E\u2019 un crimine, \u00e8 un male assoluto.\u201d( Papa Francesco durante una conferenza stampa del 18 febbraio 2016, sul volo di ritorno dal viaggio in Messico)<\/em><\/p>\n<p><em>\u201cIo faccio questa domanda: <strong>\u00e8 giusto cancellare una vita umana per risolvere un problema, qualsiasi problema?<\/strong> No, non \u00e8 giusto. <strong>\u00c8 giusto affittare un sicario per risolvere un problema?<\/strong> Uno che uccida la vita umana? Questo \u00e8 il problema dell\u2019aborto. Scientificamente e umanamente. (Risponde cos\u00ec <strong>Papa Francesco<\/strong> sul tema dell<strong>\u2019aborto<\/strong> nel corso di una lunga intervista esclusiva rilasciata\u00a0al Tg5 il 10 Gennaio 2021)<\/em><\/p>\n<p>La Chiesa cattolica insegna che la vita inizia al momento del concepimento, per questo chiede retoricamente il Papa: \u00e8 legittimo, <a href=\"https:\/\/luce.lanazione.it\/attualita\/papa-bergoglio-appello-per-la-vita-tante-coppie-non-hanno-figli-ma-hanno-due-cani-o-due-gatti\/\" target=\"_blank\" rel=\"noopener\"><strong>\u00e8 giusto eliminare una vita umana<\/strong><\/a>per risolvere un problema? Questa \u00e8 la realt\u00e0 dei fatti, di quello che accade ogni giorno.<\/p>\n<p>La realt\u00e0 di coscienza, quella che \u00e8 nascosta ai nostri occhi la lasciamo giudicare a Dio che conosce le profondit\u00e0 del cuore umano e che solo Lui pu\u00f2 giudicare. Solo Dio sa come \u00e8\u00a0 la coscienza di ognuno di noi, se rettamente formata o se \u00e8\u00a0crassa, confusa da tante manipolazioni e condizionamenti. A noi sta solo la purificazione della nostra coscienza, la preghiera e l&#8217;unirci a Dio per invocare su tutti la Sua misericordia.<\/p>\n<p>Quello che\u00a0 stiamovivendo \u00e8 un genocidio di bimbi non nati che sono martiri in quanto uccisi in odio alla fede. Chi uccide, come mandante o come sicario ha un dio che non \u00e8 amore, ma egoismo, un dio relativista principe delle tenebre che non sopporta la luce e la vita che vengono nel mondo a spodestarlo dal suo potere diabolico. La testimonianza dei martiri non nati con l\u2019offerta della loro vita, sale a Dio, senza parole, in un assordante silenzio.<\/p>\n<p><img decoding=\"async\" class=\"alignleft  wp-image-3438\" src=\"https:\/\/martirinonnati.org\/wp-content\/uploads\/2023\/02\/Articolo-La-Mafia-dellAborto_page-0003-300x162.jpg\" alt=\"\" width=\"374\" height=\"202\" srcset=\"https:\/\/martiriabortiti.org\/wp-content\/uploads\/2023\/02\/Articolo-La-Mafia-dellAborto_page-0003-300x162.jpg 300w, https:\/\/martiriabortiti.org\/wp-content\/uploads\/2023\/02\/Articolo-La-Mafia-dellAborto_page-0003-768x414.jpg 768w, https:\/\/martiriabortiti.org\/wp-content\/uploads\/2023\/02\/Articolo-La-Mafia-dellAborto_page-0003.jpg 824w\" sizes=\"(max-width: 374px) 100vw, 374px\" \/><\/p>\n<p>D.Giuseppe Puglisi e il giudice Rosario Livatino hanno avuto il riconoscimento del loro martirio, uccisi dalla mafia in odio alla fede. Questo dopo un lungo processo canonico con il superamento di varie difficolt\u00e0, basti pensare che gli autori e responsabili del delitto erano cristiani\u2026Questi nuovi beati hanno aperto un altro spiraglio nuovo nella comprensione dell\u2019<em>odiumfidei<\/em>da parte della Chiesa. Loronon erano impegnati\u00a0 particolarmente e apertamente contro la mafia, ma svolgevano il proprio lavoro l\u2019uno in ambito sacerdotale e l\u2019altro come giudice, compiendo quotidianamente il proprio dovere fino in fondo. Anche i bambini non nati uccisi con l&#8217;aborto possiamo dire che svolgono la loro altissima missione di vita nel loro momento presente, crescendo nel grembo materno nel silenzio e nel nascondimento nella piena innocenza e purezza di spirito.<\/p>\n<p>Lasciano agire pienamente la grazia, non ponendo alcun limite alla sua azione. Sappiamo che la grazia agisce per realizzare in noi la figliolanza divina attraverso i sacramenti ma anche al difuori di essi, per farci figli\u00a0nel Figlio. Nella natura umana della loro persona, con la loro anima cosciente in quanto ogni anima non ha et\u00e0 \u00e8 formata sin dall&#8217;inizio nella Luce divina, non cresce e non diminuisce, ma \u00e8 eterna come afferma S.Agostino e l\u2019insegnamento autorevole del Magistero della Chiesa.\u00a0 Con il loro corpo, con la loro libert\u00e0 che gi\u00e0 hanno in loro nella natura umana accettano di essere\u00a0 martiri\u00a0 inseriti nel misterioso e misericordioso disegno del Padre che li unisce al sacrificio del Figlio, l&#8217;Innocente e il Puro.<\/p>\n<p>La Commissione Teologica Internazionale cos\u00ec si \u00e8 gi\u00e0 espressa:<\/p>\n<p><strong><em>\u201c Alcuni dei bambini che soffrono e muoiono sono vittime della violenza. Nel loro caso, avendo come riferimento l\u2019esempio dei Santi Innocenti, possiamo ravvisare una analogia con il Battesimo di sangue che reca la salvezza. Anche se inconsapevolmente, i Santi Innocenti hanno sofferto e sono morti per Cristo; i loro carnefici erano mossi dall\u2019intento di uccidere il Bambino Ges\u00f9. <\/em><\/strong><\/p>\n<p><strong><em>Proprio come coloro che hanno tolto la vita ai Santi Innocenti erano spinti dalla paura e dall\u2019egoismo, cos\u00ec la vita dei bambini di oggi, in particolar modo quelli ancora nel grembo materno, \u00e8 spesso messa in pericolo dalla paura e dall\u2019egoismo altrui. <\/em><\/strong><\/p>\n<p><strong><em>In questo senso si trovano in una condizione di solidariet\u00e0 con i Santi Innocenti. Non solo, sono anche in una situazione di solidariet\u00e0 con il Cristo che ha detto: \u201c In verit\u00e0 vi dico: ogni volta che avete fatto queste cose a uno solo di questi fratelli pi\u00f9 piccoli, l\u2019avete fatto a me\u201d(Mt 25,40). E\u2019 vitale che la Chiesa proclami la speranza e la generosit\u00e0 che sono intrinseche al Vangelo ed essenziali per la tutela della vita.\u201d <\/em><\/strong><em>( Commisssione Teologica Internazionale,<\/em><em>\u201cLa speranza della salvezza per i bambini che muoiono senza Battesimo\u201d, 2007)<\/em><\/p>\n<p>In questi giorni si fa un gran parlare su tutti i media della cattura del boss di Cosa Nostra Matteo Messina Denaro, latitante da quasi 30 anni e sembra inspiegabile che sia vissuto nel proprio paese. E&#8217; difficile\u00a0 intendere l&#8217;omert\u00e0 e la copertura che pu\u00f2\u00a0 aver avuto un personaggio del genere. Se pensiamo oggi ai tanti boss dell\u2019aborto,non c&#8217;\u00e8 nulla di nuovo sotto il sole.Sono personaggi noti che vivono in mezzo a noi, anzi sempre alla ribalta mediatica e promuovono campagne e leggi per diffondere l\u2019abominevole delitto dell\u2019aborto. Sono in pratica mafiosi molto peggiori e pericolosi dei boss di Cosa Nostra, basti pensare a JoeBiden il padrino della mafia americana dell&#8217;aborto\u2026<\/p>\n<p>Siccome viviamo in una societ\u00e0 relativista questi personaggi sono automaticamente coperti e la gente dice di loro quello che la maggior parte dei paesani diMatteo Messina Denaro diceva di lui, cio\u00e8 che era una persona rispettabile e che faceva del \u201cbene\u201d. Questa purtroppo \u00e8 la realt\u00e0 in cui viviamo!<\/p>\n<p>\u00a0<\/p>\n\t\t\t\t\t\t<\/div><!-- .entry-content -->\n\t\t\t\t\t<\/div><!-- wp-show-posts-inner --><div class=\"wpsp-clear\"><\/div><\/article><\/section><!-- .wp-show-posts --><div class=\"wpsp-load-more\"><span aria-current=\"page\" class=\"page-numbers current\">1<\/span>\n<a class=\"page-numbers\" href=\"https:\/\/martiriabortiti.org\/index.php\/?paged=2&#038;rest_route=%2Fwp%2Fv2%2Fpages%2F72\">2<\/a>\n<span class=\"page-numbers dots\">&hellip;<\/span>\n<a class=\"page-numbers\" href=\"https:\/\/martiriabortiti.org\/index.php\/?paged=4&#038;rest_route=%2Fwp%2Fv2%2Fpages%2F72\">4<\/a>\n<a class=\"next page-numbers\" href=\"https:\/\/martiriabortiti.org\/index.php\/?paged=2&#038;rest_route=%2Fwp%2Fv2%2Fpages%2F72\">Next &rarr;<\/a><\/div>\n","protected":false},"excerpt":{"rendered":"","protected":false},"author":1,"featured_media":0,"parent":0,"menu_order":0,"comment_status":"closed","ping_status":"closed","template":"","meta":{"footnotes":""},"class_list":["post-72","page","type-page","status-publish","hentry"],"_links":{"self":[{"href":"https:\/\/martiriabortiti.org\/index.php?rest_route=\/wp\/v2\/pages\/72","targetHints":{"allow":["GET"]}}],"collection":[{"href":"https:\/\/martiriabortiti.org\/index.php?rest_route=\/wp\/v2\/pages"}],"about":[{"href":"https:\/\/martiriabortiti.org\/index.php?rest_route=\/wp\/v2\/types\/page"}],"author":[{"embeddable":true,"href":"https:\/\/martiriabortiti.org\/index.php?rest_route=\/wp\/v2\/users\/1"}],"replies":[{"embeddable":true,"href":"https:\/\/martiriabortiti.org\/index.php?rest_route=%2Fwp%2Fv2%2Fcomments&post=72"}],"version-history":[{"count":2,"href":"https:\/\/martiriabortiti.org\/index.php?rest_route=\/wp\/v2\/pages\/72\/revisions"}],"predecessor-version":[{"id":562,"href":"https:\/\/martiriabortiti.org\/index.php?rest_route=\/wp\/v2\/pages\/72\/revisions\/562"}],"wp:attachment":[{"href":"https:\/\/martiriabortiti.org\/index.php?rest_route=%2Fwp%2Fv2%2Fmedia&parent=72"}],"curies":[{"name":"wp","href":"https:\/\/api.w.org\/{rel}","templated":true}]}}