{"id":60,"date":"2020-11-18T00:11:00","date_gmt":"2020-11-18T00:11:00","guid":{"rendered":"https:\/\/martirinonnati.org\/?page_id=60"},"modified":"2021-06-19T18:15:37","modified_gmt":"2021-06-19T18:15:37","slug":"testimonianze","status":"publish","type":"page","link":"https:\/\/martiriabortiti.org\/?page_id=60","title":{"rendered":"Testimonianze"},"content":{"rendered":"\n<p>In questa sezione della nostra pagina web riportiamo le numerose, significative\u00a0 e qualificate testimonianze sulla fama di martirio unitamente a quelle sulla fama di segni. Saranno presentate al Vescovo diocesano dal Postulatore insieme alla richiesta per ottenere l\u2019apertura della Causa.\u00a0<\/p>\n<p><em>\u201cCi\u00f2 che interessa in questo stadio della procedura, non \u00e8 di determinare se un asserito miracolo pu\u00f2 essere riconosciuto come vero miracolo, bens\u00ec il fatto che qualcuno ricorra all\u2019intercessione del servo di Dio come santo. <\/em><\/p>\n<p><em>Questa prospettiva spiega anche perch\u00e9 si indaghi anche su favori spirituali e temporali. <\/em><\/p>\n<p><em>Gli esempi di questi segni sono innumerevoli e riempiono le pagine dei giornalini pubblicati dalle postulazioni: dopo aver pregato il servo di Dio, uno ha trovato un lavoro, un altro \u00e8 guarito, ecc. <\/em><\/p>\n<p><em>In questi casi \u00e8 molto difficile, anzi \u00e8 generalmente impossibile, stabilire con certezza morale un legame fra l\u2019invocazione e il favore ricevuto, ma non \u00e8 questo che interessa al momento. <\/em><\/p>\n<p><em>Si tratta semplicemente di costatare che chi afferma di aver ricevuto questi favori per intercessione del servo di Dio considera questi come santo\u201d&#8230;..( Alfredo Sim\u00f2n, osb. <\/em><em>La fama di santit\u00e0 e di segni, 2018 Editrice Vaticana).<\/em><\/p>\n<p style=\"text-align: center;\"><a class=\"maxbutton-31 maxbutton maxbutton-testimonianze-di-fama-e-segni\" href=\"https:\/\/martirinonnati.org\/testimonianze-di-fama-e-segni\/\" target=\"_blank\" rel=\"noopener\"><span class='mb-text'>Testimonianze di fama e segni<\/span><\/a> <a class=\"maxbutton-32 maxbutton maxbutton-lascia-la-tua-testimonianza\" href=\"https:\/\/martirinonnati.org\/lascia-la-tua-testimonianza\/\" target=\"_blank\" rel=\"noopener\"><span class='mb-text'>Lascia la tua testimonianza<\/span><\/a>\u00a0<\/p>\n<p>\u00a0<\/p>\n\n\n\n<p><\/p>\n","protected":false},"excerpt":{"rendered":"<p>In questa sezione della nostra pagina web riportiamo le numerose, significative\u00a0 e qualificate testimonianze sulla fama di martirio unitamente a<\/p>\n","protected":false},"author":1,"featured_media":0,"parent":0,"menu_order":0,"comment_status":"closed","ping_status":"closed","template":"","meta":{"footnotes":""},"class_list":["post-60","page","type-page","status-publish","hentry"],"_links":{"self":[{"href":"https:\/\/martiriabortiti.org\/index.php?rest_route=\/wp\/v2\/pages\/60","targetHints":{"allow":["GET"]}}],"collection":[{"href":"https:\/\/martiriabortiti.org\/index.php?rest_route=\/wp\/v2\/pages"}],"about":[{"href":"https:\/\/martiriabortiti.org\/index.php?rest_route=\/wp\/v2\/types\/page"}],"author":[{"embeddable":true,"href":"https:\/\/martiriabortiti.org\/index.php?rest_route=\/wp\/v2\/users\/1"}],"replies":[{"embeddable":true,"href":"https:\/\/martiriabortiti.org\/index.php?rest_route=%2Fwp%2Fv2%2Fcomments&post=60"}],"version-history":[{"count":20,"href":"https:\/\/martiriabortiti.org\/index.php?rest_route=\/wp\/v2\/pages\/60\/revisions"}],"predecessor-version":[{"id":1918,"href":"https:\/\/martiriabortiti.org\/index.php?rest_route=\/wp\/v2\/pages\/60\/revisions\/1918"}],"wp:attachment":[{"href":"https:\/\/martiriabortiti.org\/index.php?rest_route=%2Fwp%2Fv2%2Fmedia&parent=60"}],"curies":[{"name":"wp","href":"https:\/\/api.w.org\/{rel}","templated":true}]}}