{"id":54,"date":"2020-11-18T00:07:23","date_gmt":"2020-11-18T00:07:23","guid":{"rendered":"https:\/\/martirinonnati.org\/?page_id=54"},"modified":"2021-06-19T17:38:35","modified_gmt":"2021-06-19T17:38:35","slug":"unisciti-alla-causa","status":"publish","type":"page","link":"https:\/\/martiriabortiti.org\/?page_id=54","title":{"rendered":"Unisciti alla causa"},"content":{"rendered":"\r\n<p>UNISCITI ALLA CAUSA<\/p>\r\n\r\n\r\n\r\n<p>La difesa della vita umana non riguarda solo le Associazioni pro-life, ma tutta l\u2019umanit\u00e0. Giovanni Paolo II nell\u2019enciclica\u00a0<span style=\"color: #333399;\"><a style=\"color: #333399;\" href=\"http:\/\/www.vatican.va\/content\/john-paul-ii\/it\/encyclicals\/documents\/hf_jp-ii_enc_25031995_evangelium-vitae.html\" target=\"_blank\" rel=\"noopener\"><em><strong>Evangelium<\/strong> <strong>vitae<\/strong><\/em><\/a><\/span> affermava che: <em>\u201dIl Vangelo della vita sta al cuore del messaggio di Ges\u00f9. Accolto dalla Chiesa ogni giorno con amore, esso va annunciato con coraggiosa fedelt\u00e0 come buona novella agli uomini di ogni epoca e cultura\u201d<\/em><\/p>\r\n\r\n\r\n\r\n<p>Papa Francesco nel ricordare il venticinquesimo di questa enciclica ribadiva con convinzione l\u2019appello che fece Giovanni Paolo II di rispettare, difendere, amare e servire la vita, ogni vita umana, aggiungendo che solo su questa strada si pu\u00f2 trovare la giustizia, lo sviluppo, la libert\u00e0, la pace\u00a0 e la felicit\u00e0. E continuava:<em>\u201cIn effetti, la vita che siamo chiamati a promuovere e a difendere non \u00e8 un concetto astratto, ma si manifesta sempre in una persona in carne e ossa: un bambino appena concepito\u2026..La difesa della vita per la Chiesa non \u00e8 un\u2019ideologia, \u00e8 una realt\u00e0, una realt\u00e0 umana che coinvolge tutti i cristiani, proprio perch\u00e9 cristiani e perch\u00e9 umani.\u201d<\/em><\/p>\r\n\r\n\r\n\r\n<p>Nella cultura della morte in cui noi oggi viviamo, i mezzi di comunicazione di massa hanno un ruolo predominante, diffondono le ideologie contro la vita in tutti gli ambiti della vita sociale.<\/p>\r\n\r\n\r\n\r\n<p>Il lievito madre di tutte le ideologie \u00e8 il relativismo che combatte la Verit\u00e0 ponendosi contro Dio, Padre della Vita.<\/p>\r\n\r\n\r\n\r\n<p>Riconoscere da parte della Chiesa che questi bimbi non nati, uccisi dall\u2019aborto sono martiri sarebbe l\u2019atto pi\u00f9 importante per difendere la vita in quanto si proclama la potenza della Misericordia di Dio che \u00e8 pi\u00f9 forte del peccato, della sofferenza e della morte.<\/p>\r\n\r\n\r\n\r\n<p>Prendiamo coscienza delle proporzioni di questo martirio, \u00e8 il pi\u00f9 grande olocausto della storia umana.<\/p>\r\n\r\n\r\n\r\n<p>\u00a0Si potrebbe pensare che come i Santi Innocenti hanno preparato la via a Ges\u00f9 nella sua prima venuta sulla terra, cos\u00ec ora i Santi martiri non nati stanno preparando la sua seconda venuta nella Gloria.<\/p>\r\n\r\n\r\n\r\n<p>UNIAMOCI PER CHIEDERE ALLA CHIESA L\u2019APERTURA DI QUESTA CAUSA<\/p>\r\n\r\n\r\n\r\n<p style=\"text-align: center;\"><a class=\"maxbutton-6 maxbutton maxbutton-con-la-preghiera\" href=\"https:\/\/martirinonnati.org\/con-la-preghiera\/\" target=\"_blank\" rel=\"noopener\"><span class='mb-text'>Con la Preghiera<\/span><\/a> <a class=\"maxbutton-8 maxbutton maxbutton-con-donazione\" href=\"https:\/\/martirinonnati.org\/con-donazioni\/\" target=\"_blank\" rel=\"noopener\"><span class='mb-text'>con donazione<\/span><\/a> <a class=\"maxbutton-7 maxbutton maxbutton-come-gruppo-di-supporto\" href=\"https:\/\/martirinonnati.org\/come-gruppo-di-supporto\/\" target=\"_blank\" rel=\"noopener\"><span class='mb-text'>Come gruppo di supporto<\/span><\/a>\u00a0<\/p>\r\n","protected":false},"excerpt":{"rendered":"<p>UNISCITI ALLA CAUSA La difesa della vita umana non riguarda solo le Associazioni pro-life, ma tutta l\u2019umanit\u00e0. Giovanni Paolo II<\/p>\n","protected":false},"author":1,"featured_media":0,"parent":0,"menu_order":0,"comment_status":"closed","ping_status":"closed","template":"","meta":{"footnotes":""},"class_list":["post-54","page","type-page","status-publish","hentry"],"_links":{"self":[{"href":"https:\/\/martiriabortiti.org\/index.php?rest_route=\/wp\/v2\/pages\/54","targetHints":{"allow":["GET"]}}],"collection":[{"href":"https:\/\/martiriabortiti.org\/index.php?rest_route=\/wp\/v2\/pages"}],"about":[{"href":"https:\/\/martiriabortiti.org\/index.php?rest_route=\/wp\/v2\/types\/page"}],"author":[{"embeddable":true,"href":"https:\/\/martiriabortiti.org\/index.php?rest_route=\/wp\/v2\/users\/1"}],"replies":[{"embeddable":true,"href":"https:\/\/martiriabortiti.org\/index.php?rest_route=%2Fwp%2Fv2%2Fcomments&post=54"}],"version-history":[{"count":6,"href":"https:\/\/martiriabortiti.org\/index.php?rest_route=\/wp\/v2\/pages\/54\/revisions"}],"predecessor-version":[{"id":1913,"href":"https:\/\/martiriabortiti.org\/index.php?rest_route=\/wp\/v2\/pages\/54\/revisions\/1913"}],"wp:attachment":[{"href":"https:\/\/martiriabortiti.org\/index.php?rest_route=%2Fwp%2Fv2%2Fmedia&parent=54"}],"curies":[{"name":"wp","href":"https:\/\/api.w.org\/{rel}","templated":true}]}}