{"id":233,"date":"2020-11-19T14:59:43","date_gmt":"2020-11-19T14:59:43","guid":{"rendered":"https:\/\/martirinonnati.org\/?page_id=233"},"modified":"2021-11-25T20:11:35","modified_gmt":"2021-11-25T20:11:35","slug":"come-gruppo-di-supporto","status":"publish","type":"page","link":"https:\/\/martiriabortiti.org\/?page_id=233","title":{"rendered":"Come gruppo di supporto"},"content":{"rendered":"\n\n\n<p>&nbsp;<\/p>\n\n\n\n\n\n<p><img decoding=\"async\" class=\"alignleft size-medium wp-image-1168\" src=\"https:\/\/martirinonnati.org\/wp-content\/uploads\/2021\/05\/WhatsApp-Image-2021-04-29-at-6.35.22-PM-1-300x300.jpeg\" alt=\"manitas\" width=\"300\" height=\"300\" srcset=\"https:\/\/martiriabortiti.org\/wp-content\/uploads\/2021\/05\/WhatsApp-Image-2021-04-29-at-6.35.22-PM-1-300x300.jpeg 300w, https:\/\/martiriabortiti.org\/wp-content\/uploads\/2021\/05\/WhatsApp-Image-2021-04-29-at-6.35.22-PM-1-150x150.jpeg 150w, https:\/\/martiriabortiti.org\/wp-content\/uploads\/2021\/05\/WhatsApp-Image-2021-04-29-at-6.35.22-PM-1.jpeg 450w\" sizes=\"(max-width: 300px) 100vw, 300px\" \/>Le persone interessate che sentono nel loro cuore di doversi impegnare per la Causa hanno il punto di riferimento nell\u2019<strong>Associazione per la Postulazione della Causa dei bimbi non nati-martiri<\/strong> e questa pagina web \u00e8 il mezzo di comunicazione e di formazione per agire in unit\u00e0.\u00a0\u00a0 Ci sono gi\u00e0 diversi gruppi di supporto in varie parti del mondo per coordinare l\u2019attivit\u00e0 dell\u2019Associazione.\u00a0 Ci auspichiamo una fruttuosa collaborazione con tante persone di buona volont\u00e0 e in particolare con Gruppi e movimenti pro life di cui daremo i links per condividere materiale e agire insieme. Il fine che perseguiamo \u00e8 essenzialmente spirituale ma per raggiungerlo c\u2019\u00e8 bisogno di mezzi idonei che sicuramente la Provvidenza non ci far\u00e0 mancare. In questa pagina web ci sar\u00e0 spazio per far conoscere le iniziative locali e particolari. Iniziamo con tre lingue: Italiano, spagnolo e inglese con la speranza di poterne inserire delle altre.<\/p>\n<p>La base fondamentale per un gruppo di sostegno \u00e8 la conoscenza, l\u2019approfondimento e la condivisione del libro <span style=\"color: #ff0000;\"><strong><em>\u201c<a style=\"color: #ff0000;\" href=\"https:\/\/martirinonnati.org\/scarica-il-libro\/\" target=\"_blank\" rel=\"noopener\">il martirio dei bimbi non nati<\/a>\u201d<\/em> <\/strong><\/span>del Dr. Giovanni Antonucci, Postulatore delle Cause dei santi, che si pu\u00f2 scaricare direttamente dalla pagina web insieme ad altra documentazione.<\/p>\n<p>Sta alla creativit\u00e0 e all\u2019impegno personale poter realizzare un gruppo di supporto e aiutare la Causa.<\/p>\n<hr \/>\n<p style=\"text-align: center;\"><span style=\"font-size: 20px;\"><strong>NOVIT\u00c0<\/strong><\/span><\/p>\n<p class=\"default-style\">Alla cortese attenzione: dott. Giovanni Antonucci.<\/p>\n<p class=\"default-style\">Eccoci!<\/p>\n<p class=\"default-style\">Siamo Sara e Riccardo, amici d&#8217;infanzia, accomunati dalla preghiera per i pi\u00f9 bisognosi, sin da bambini.<\/p>\n<p class=\"default-style\">Dalla prima domenica di settembre 2021, abbiamo avviato il gruppo di preghiera <strong>&#8220;Martiri non nati&#8221;<\/strong>, affidati alla Madonna di Guadalupe.<\/p>\n<p class=\"default-style\">Insieme a noi ci sono: Maria Stella, Franz e Maria Grazia Ranza Crippa, che ci ospita nella sua casa, con affetto e gioia. il gruppo sta piano, piano aumentando.<\/p>\n<p class=\"default-style\"><img decoding=\"async\" class=\"alignleft size-medium wp-image-3120\" src=\"https:\/\/martirinonnati.org\/wp-content\/uploads\/2021\/11\/WhatsApp-Image-2021-11-10-at-4.21.18-PM-225x300.jpeg\" alt=\"\" width=\"225\" height=\"300\" srcset=\"https:\/\/martiriabortiti.org\/wp-content\/uploads\/2021\/11\/WhatsApp-Image-2021-11-10-at-4.21.18-PM-225x300.jpeg 225w, https:\/\/martiriabortiti.org\/wp-content\/uploads\/2021\/11\/WhatsApp-Image-2021-11-10-at-4.21.18-PM.jpeg 768w\" sizes=\"(max-width: 225px) 100vw, 225px\" \/>Insieme preghiamo il Santo Rosario, meditiamo un brano del Vangelo e chiediamo ai bimbi non nati, di proteggere tutti noi e l&#8217;Umanit\u00e0 intera, in questo periodo delicato e colmo di sofferenza.<\/p>\n<p class=\"default-style\">Molte coppie si stanno rivolgendo a noi e chiedono l&#8217;affidamento ai Martiri non nati. Confidiamo nelle preghiere di tutti, affinch\u00e9 tante piccole oasi di preghiera nascano in Italia e nel mondo!<\/p>\n<p class=\"default-style\">Sara e Riccardo.<\/p>\n<p class=\"default-style\">Chi siamo:<\/p>\n<p class=\"default-style\"><strong>Sara Maria Iovino: <\/strong>sono una teologa e docente varesina,\u00a0 mamma di Jacopo e Tommaso. Nel 1998 ho perso un figlio con sindrome di Down. La gravidanza \u00e8 stata contrastata, da medici e personale sanitario, che pi\u00f9 volte mi ha incitata ad abortire. Affidata a Maria, Madre di Dio, ho protetto Gabriele con ogni mezzo. Purtroppo il mio bambino nasce morto in utero il 23 maggio 1998. Da sempre mi prodigo per aiutare e supportare chi si trova nella difficolt\u00e0 di accogliere la vita e porto testimonianza in ogni luogo educativo, laico e religioso.<\/p>\n<p class=\"default-style\"><strong>Riccardo Ranza:<\/strong> sono un fotografo e artista varesino, attivo da sempre nel volontariato. Mi occupo di arte e sono innamorato della nostra Madre Celeste. Gli innumerevoli viaggi a Medijugorie, mi hanno plasmato e segnato profondamente. Da sempre mi occupo di soccorrere il prossimo, aiutandolo nelle diverse difficolt\u00e0.\u00a0<\/p>\n<p style=\"text-align: center;\"><a class=\"maxbutton-8 maxbutton maxbutton-con-donazione\" href=\"https:\/\/martirinonnati.org\/con-donazioni\/\" target=\"_blank\" rel=\"noopener\"><span class='mb-text'>con donazione<\/span><\/a><\/p>\n\n\n\n<p>&nbsp;<\/p>\n","protected":false},"excerpt":{"rendered":"<p>&nbsp; Le persone interessate che sentono nel loro cuore di doversi impegnare per la Causa hanno il punto di riferimento<\/p>\n","protected":false},"author":1,"featured_media":0,"parent":0,"menu_order":0,"comment_status":"closed","ping_status":"closed","template":"","meta":{"footnotes":""},"class_list":["post-233","page","type-page","status-publish","hentry"],"_links":{"self":[{"href":"https:\/\/martiriabortiti.org\/index.php?rest_route=\/wp\/v2\/pages\/233","targetHints":{"allow":["GET"]}}],"collection":[{"href":"https:\/\/martiriabortiti.org\/index.php?rest_route=\/wp\/v2\/pages"}],"about":[{"href":"https:\/\/martiriabortiti.org\/index.php?rest_route=\/wp\/v2\/types\/page"}],"author":[{"embeddable":true,"href":"https:\/\/martiriabortiti.org\/index.php?rest_route=\/wp\/v2\/users\/1"}],"replies":[{"embeddable":true,"href":"https:\/\/martiriabortiti.org\/index.php?rest_route=%2Fwp%2Fv2%2Fcomments&post=233"}],"version-history":[{"count":14,"href":"https:\/\/martiriabortiti.org\/index.php?rest_route=\/wp\/v2\/pages\/233\/revisions"}],"predecessor-version":[{"id":3123,"href":"https:\/\/martiriabortiti.org\/index.php?rest_route=\/wp\/v2\/pages\/233\/revisions\/3123"}],"wp:attachment":[{"href":"https:\/\/martiriabortiti.org\/index.php?rest_route=%2Fwp%2Fv2%2Fmedia&parent=233"}],"curies":[{"name":"wp","href":"https:\/\/api.w.org\/{rel}","templated":true}]}}