{"id":197,"date":"2020-11-19T14:47:07","date_gmt":"2020-11-19T14:47:07","guid":{"rendered":"https:\/\/martirinonnati.org\/?page_id=197"},"modified":"2021-06-19T16:49:44","modified_gmt":"2021-06-19T16:49:44","slug":"qual-e-una-causa","status":"publish","type":"page","link":"https:\/\/martiriabortiti.org\/?page_id=197","title":{"rendered":"Cause di santit\u00e0"},"content":{"rendered":"\n\n\n<p><img decoding=\"async\" class=\"alignleft size-medium wp-image-824\" src=\"https:\/\/martirinonnati.org\/wp-content\/uploads\/2021\/03\/santo-bebe-300x300.png\" alt=\"\" width=\"300\" height=\"300\" srcset=\"https:\/\/martiriabortiti.org\/wp-content\/uploads\/2021\/03\/santo-bebe-300x300.png 300w, https:\/\/martiriabortiti.org\/wp-content\/uploads\/2021\/03\/santo-bebe-150x150.png 150w, https:\/\/martiriabortiti.org\/wp-content\/uploads\/2021\/03\/santo-bebe.png 450w\" sizes=\"(max-width: 300px) 100vw, 300px\" \/>Oggi, quello che la societ\u00e0 propone ai giovani come modelli sono tanti idoli e tanti falsi valori: dal calciatore super pagato, al cantante super trasgressivo, all&#8217;imprenditore super ricco, al celebre youtuber, alla famosa blogger-influencer che ha tanti fans con milioni di like. \u2026<\/p>\n<p>Da sempre invece la Chiesa propone come modello\u00a0i Santi.<\/p>\n<p>\u00a0Essi sono\u00a0 coloro che hanno messo Dio al primo posto e hanno testimoniato con la propria vita l&#8217;Amore.<\/p>\n<p>\u00a0Per definire la santit\u00e0\u00a0 di una persona la Chiesa ha una Congregazione che ne\u00a0verificala veridicit\u00e0 attraverso una procedura. Al termine di questo processo canonico il Papa ne concede il culto.<br \/><br \/>La procedura della Congregazione per le Cause dei Santi ha avuto\u00a0 nel tempo uno sviluppo.\u00a0 Nei primi tre secoli dell\u2019era cristiana il martirio era l\u2019unica forma di santit\u00e0\u00a0 riconosciuta dalla Chiesa. Il martire era l\u2019imitatore fedele del modello-Cristo e importanti erano considerati \u00a0i loro resti e sui loro sepolcri o dove avevano subito il loro martirio sorgevano luoghi di culto.<\/p>\n<p>Finite le persecuzioni si propag\u00f2 l\u2019idea del \u201cmartirio bianco\u201d &#8211; senza effusione di sangue- applicata alla vita di alcuni monaci per la loro indefessa penitenza, preghiera e virt\u00f9. La loro testimonianza diventava degna di culto alla stregua dei martiri. Si faceva strada il concetto di <em>\u201cvirt\u00f9 eroica\u201d.<\/em><\/p>\n<p>\u00a0In tempi pi\u00f9 recenti il Concilio Vaticano II tematizz\u00f2 la vocazione universale alla santit\u00e0: <em>\u201cTutti i fedeli di qualsiasi stato o grado sono chiamati alla pienezza della vita cristiana e alla perfezione della carit\u00e0\u2026\u201d(Lumen Gentium 40)<\/em><\/p>\n<p><br \/>Il Medioevo aveva inventato l\u2019asserzione <em>vox populi, vox Dei<\/em> usata per definire come avvenivano le canonizzazioni, fino al primo millennio, cio\u00e8 per proclamazione popolare.<\/p>\n<p>\u00a0Successivamente la gerarchia ecclesiastica ha lavorato a verificare la fondatezza di questa <em>voce<\/em> in diverse direzioni e ha stabilito dei criteri per la dimostrazione delle virt\u00f9\u00a0 eroiche.<\/p>\n<p>L\u2019Istruzione <em>Sanctorum Mater <\/em>della Congregazione per le Cause dei Santi e la Costituzione Apostolica <em>Divinus perfectionis Magister <\/em>di San Giovanni Paolo II sono un punto di riferimento per approfondire la conoscenza del riconoscimento della santit\u00e0 da parte della Chiesa.<\/p>\n<p style=\"text-align: center;\"><a class=\"maxbutton-25 maxbutton maxbutton-cause-dei-bimbi-non-nati\" href=\"https:\/\/martirinonnati.org\/causa-dei-bimbi-non-nati-martiri\/\" target=\"_blank\" rel=\"noopener\"><span class='mb-text'>Causa dei bimbi non nati martiri<\/span><\/a><\/p>\n\n\n\n<p><\/p>\n\n\n","protected":false},"excerpt":{"rendered":"<p>Oggi, quello che la societ\u00e0 propone ai giovani come modelli sono tanti idoli e tanti falsi valori: dal calciatore super<\/p>\n","protected":false},"author":1,"featured_media":0,"parent":0,"menu_order":0,"comment_status":"closed","ping_status":"closed","template":"","meta":{"footnotes":""},"class_list":["post-197","page","type-page","status-publish","hentry"],"_links":{"self":[{"href":"https:\/\/martiriabortiti.org\/index.php?rest_route=\/wp\/v2\/pages\/197","targetHints":{"allow":["GET"]}}],"collection":[{"href":"https:\/\/martiriabortiti.org\/index.php?rest_route=\/wp\/v2\/pages"}],"about":[{"href":"https:\/\/martiriabortiti.org\/index.php?rest_route=\/wp\/v2\/types\/page"}],"author":[{"embeddable":true,"href":"https:\/\/martiriabortiti.org\/index.php?rest_route=\/wp\/v2\/users\/1"}],"replies":[{"embeddable":true,"href":"https:\/\/martiriabortiti.org\/index.php?rest_route=%2Fwp%2Fv2%2Fcomments&post=197"}],"version-history":[{"count":9,"href":"https:\/\/martiriabortiti.org\/index.php?rest_route=\/wp\/v2\/pages\/197\/revisions"}],"predecessor-version":[{"id":1909,"href":"https:\/\/martiriabortiti.org\/index.php?rest_route=\/wp\/v2\/pages\/197\/revisions\/1909"}],"wp:attachment":[{"href":"https:\/\/martiriabortiti.org\/index.php?rest_route=%2Fwp%2Fv2%2Fmedia&parent=197"}],"curies":[{"name":"wp","href":"https:\/\/api.w.org\/{rel}","templated":true}]}}