{"id":1177,"date":"2021-05-01T01:07:28","date_gmt":"2021-05-01T01:07:28","guid":{"rendered":"https:\/\/martirinonnati.org\/?page_id=1177"},"modified":"2022-03-02T17:11:39","modified_gmt":"2022-03-02T17:11:39","slug":"con-la-preghiera","status":"publish","type":"page","link":"https:\/\/martiriabortiti.org\/?page_id=1177","title":{"rendered":"Con la preghiera"},"content":{"rendered":"<p>LA PREGHIERA<\/p>\n<p>Con il Battesimo siamo inseriti nel Corpo Mistico di Cristo, siamo consacrati, e per mezzo di questa incorporazione siamo chiamati a partecipare all\u2019Amore di Dio.<\/p>\n<p><img decoding=\"async\" class=\"alignleft wp-image-1143\" src=\"https:\/\/martirinonnati.org\/wp-content\/uploads\/2021\/04\/WhatsApp-Image-2021-04-29-at-6.38.12-PM1-300x300.jpeg\" alt=\"Con la preghiera\" width=\"248\" height=\"248\" srcset=\"https:\/\/martiriabortiti.org\/wp-content\/uploads\/2021\/04\/WhatsApp-Image-2021-04-29-at-6.38.12-PM1-300x300.jpeg 300w, https:\/\/martiriabortiti.org\/wp-content\/uploads\/2021\/04\/WhatsApp-Image-2021-04-29-at-6.38.12-PM1-150x150.jpeg 150w, https:\/\/martiriabortiti.org\/wp-content\/uploads\/2021\/04\/WhatsApp-Image-2021-04-29-at-6.38.12-PM1.jpeg 450w\" sizes=\"(max-width: 248px) 100vw, 248px\" \/>La preghiera \u00e8 molto di pi\u00f9 di una serie di richieste o di ringraziamenti. Pregare significa prima di ogni altra cosa abbandonarsi completamente alla<strong>\u00a0volont\u00e0 del Padre<\/strong>, seguire Cristo con assoluta fiducia.<\/p>\n<p>Il\u00a0<strong>significato principale della preghiera<\/strong>\u00a0sta nel ricercare un\u00a0incontro con Dio, a prescindere da quello che possiamo chiedere o ricevere. \u00c8 un bisogno della nostra anima di unirsi al suo Creatore, al suo Tutto.<\/p>\n<p>Con il Battesimo siamo inseriti nel Corpo Mistico di Cristo, siamo consacrati, e per mezzo di questa incorporazione siamo chiamati a partecipare all\u2019Amore di Dio.<\/p>\n<p>Pu\u00f2 sembrare strano ma quando sentiamo la necessit\u00e0 di pregare, spesso l\u2019iniziativa \u00e8 di Dio. \u00c8 Lui che ci desidera, che ci chiama e che ci vuole conoscere. Ecco perch\u00e9 la preghiera pu\u00f2 essere considerata come un modo per\u00a0<strong>rispondere alla chiamata del Signore<\/strong>.<\/p>\n<p>Dio vuole servirsi di noi per realizzare il suo piano di salvezza e per questo ci propone nella storia sacra un\u2019alleanza.<\/p>\n<p>In Cristo, con Cristo e per Cristo, siamo inseriti nella Nuova Alleanza.<\/p>\n<p>Quindi la vera preghiera \u00e8 la consacrazione, \u00e8 porsi con Ges\u00f9 verso il Padre per vivere la sua Volont\u00e0, questa \u00e8 la preghiera del cuore. Con questa preghiera apriamo la porta del nostro cuore e il nostro cuore diventa la casa di Dio, dove Egli vive e agisce.<\/p>\n<p>Unirsi alla Causa \u00e8 essenzialmente rendersi disponibili alla Divina Volont\u00e0 e questo \u00e8 il nostro pi\u00f9 grande contributo, il pi\u00f9 grande aiuto che possiamo dare.<\/p>\n<p>Quello che chiediamo alla Chiesa non vuole essere di realizzare un nostro pio desiderio, ma di prendere in considerazione la convinzione di tante persone e dare un giudizio di merito. Siamo convinti del mandato divino che la Chiesa ha ricevuto per il bene dell\u2019umanit\u00e0, dobbiamo perci\u00f2 unirci in una fiduciosa e potente preghiera per chiedere il riconoscimento del martirio dei bimbi non nati uccisi dall\u2019aborto. Questo lo chiediamo con l\u2019intercessione di Maria Santissima sposa dello Spirito Santo.<\/p>\n<p>Dobbiamo pregare insieme e organizzare incontri di preghiera.<\/p>\n<p><img decoding=\"async\" class=\" wp-image-3217 aligncenter\" src=\"https:\/\/martirinonnati.org\/wp-content\/uploads\/2022\/03\/Preghiera-ai-bimbi-non-nati-martiri-300x251.jpg\" alt=\"Preghiera-ai-bimbi-non-nati-martiri\" width=\"507\" height=\"424\" srcset=\"https:\/\/martiriabortiti.org\/wp-content\/uploads\/2022\/03\/Preghiera-ai-bimbi-non-nati-martiri-300x251.jpg 300w, https:\/\/martiriabortiti.org\/wp-content\/uploads\/2022\/03\/Preghiera-ai-bimbi-non-nati-martiri-768x644.jpg 768w, https:\/\/martiriabortiti.org\/wp-content\/uploads\/2022\/03\/Preghiera-ai-bimbi-non-nati-martiri.jpg 940w\" sizes=\"(max-width: 507px) 100vw, 507px\" \/><\/p>\n<p style=\"text-align: center;\"><a class=\"maxbutton-7 maxbutton maxbutton-come-gruppo-di-supporto\" href=\"https:\/\/martirinonnati.org\/come-gruppo-di-supporto\/\" target=\"_blank\" rel=\"noopener\"><span class='mb-text'>Come gruppo di supporto<\/span><\/a> <a class=\"maxbutton-8 maxbutton maxbutton-con-donazione\" href=\"https:\/\/martirinonnati.org\/con-donazioni\/\" target=\"_blank\" rel=\"noopener\"><span class='mb-text'>con donazione<\/span><\/a><\/p>\n","protected":false},"excerpt":{"rendered":"<p>LA PREGHIERA Con il Battesimo siamo inseriti nel Corpo Mistico di Cristo, siamo consacrati, e per mezzo di questa incorporazione<\/p>\n","protected":false},"author":1,"featured_media":0,"parent":0,"menu_order":0,"comment_status":"closed","ping_status":"closed","template":"","meta":{"footnotes":""},"class_list":["post-1177","page","type-page","status-publish","hentry"],"_links":{"self":[{"href":"https:\/\/martiriabortiti.org\/index.php?rest_route=\/wp\/v2\/pages\/1177","targetHints":{"allow":["GET"]}}],"collection":[{"href":"https:\/\/martiriabortiti.org\/index.php?rest_route=\/wp\/v2\/pages"}],"about":[{"href":"https:\/\/martiriabortiti.org\/index.php?rest_route=\/wp\/v2\/types\/page"}],"author":[{"embeddable":true,"href":"https:\/\/martiriabortiti.org\/index.php?rest_route=\/wp\/v2\/users\/1"}],"replies":[{"embeddable":true,"href":"https:\/\/martiriabortiti.org\/index.php?rest_route=%2Fwp%2Fv2%2Fcomments&post=1177"}],"version-history":[{"count":7,"href":"https:\/\/martiriabortiti.org\/index.php?rest_route=\/wp\/v2\/pages\/1177\/revisions"}],"predecessor-version":[{"id":3218,"href":"https:\/\/martiriabortiti.org\/index.php?rest_route=\/wp\/v2\/pages\/1177\/revisions\/3218"}],"wp:attachment":[{"href":"https:\/\/martiriabortiti.org\/index.php?rest_route=%2Fwp%2Fv2%2Fmedia&parent=1177"}],"curies":[{"name":"wp","href":"https:\/\/api.w.org\/{rel}","templated":true}]}}