{"id":35,"date":"2020-11-14T02:37:51","date_gmt":"2020-11-14T02:37:51","guid":{"rendered":"https:\/\/martirinonnati.org\/il-nuovo-umoma-apre-i-battenti-espanol\/"},"modified":"2021-07-13T02:47:23","modified_gmt":"2021-07-13T02:47:23","slug":"unidos-en-el-santo-sacrificio","status":"publish","type":"page","link":"http:\/\/martiriabortiti.org\/?page_id=35&lang=es","title":{"rendered":"UNIDOS EN EL SANTO SACRIFICIO"},"content":{"rendered":"\n<p><img decoding=\"async\" class=\" wp-image-1857 aligncenter\" src=\"https:\/\/martirinonnati.org\/wp-content\/uploads\/2021\/06\/Cari-Inglesr-1-270x300.jpg\" alt=\"caliz-es\" width=\"410\" height=\"456\" srcset=\"http:\/\/martiriabortiti.org\/wp-content\/uploads\/2021\/06\/Cari-Inglesr-1-270x300.jpg 270w, http:\/\/martiriabortiti.org\/wp-content\/uploads\/2021\/06\/Cari-Inglesr-1.jpg 469w\" sizes=\"(max-width: 410px) 100vw, 410px\" \/><\/p>\n<p style=\"text-align: center;\"><strong><span class=\"VIiyi\" style=\"font-family: comic sans ms, sans-serif;\" lang=\"es\"><span class=\"JLqJ4b ChMk0b\" data-language-for-alternatives=\"es\" data-language-to-translate-into=\"it\" data-phrase-index=\"0\">Queridos sacerdotes,<\/span> <\/span><\/strong><\/p>\n<p style=\"text-align: center;\"><strong><span class=\"VIiyi\" style=\"font-family: comic sans ms, sans-serif;\" lang=\"es\"><span class=\"JLqJ4b ChMk0b\" data-language-for-alternatives=\"es\" data-language-to-translate-into=\"it\" data-phrase-index=\"2\">Ofrecen todos los d\u00edas, en el Sacrificio <\/span><\/span><span style=\"font-family: 'comic sans ms', sans-serif;\">de la Santa Misa al Padre el Preciosisimo <\/span><span class=\"JLqJ4b ChMk0b\" style=\"font-family: 'comic sans ms', sans-serif;\" data-language-for-alternatives=\"es\" data-language-to-translate-into=\"it\" data-phrase-index=\"6\">Cuerpo, Sangre, Alma y <\/span><\/strong><strong><span class=\"JLqJ4b ChMk0b\" style=\"font-family: 'comic sans ms', sans-serif;\" data-language-for-alternatives=\"es\" data-language-to-translate-into=\"it\" data-phrase-index=\"6\">Divinidad de N.S.<\/span> <span class=\"JLqJ4b ChMk0b\" style=\"font-family: 'comic sans ms', sans-serif;\" data-language-for-alternatives=\"es\" data-language-to-translate-into=\"it\" data-phrase-index=\"7\">Jesucristo en expiaci\u00f3n <\/span><span style=\"font-family: 'comic sans ms', sans-serif;\">de nuestros pecados y los del mundo entero.<\/span><\/strong><\/p>\n<p style=\"text-align: center;\"><strong><span class=\"VIiyi\" style=\"font-family: comic sans ms, sans-serif;\" lang=\"es\"> <span class=\"JLqJ4b ChMk0b\" data-language-for-alternatives=\"es\" data-language-to-translate-into=\"it\" data-phrase-index=\"11\">Recuerden la sangre de tantos inocentes <\/span><\/span><span class=\"JLqJ4b ChMk0b\" style=\"font-family: 'comic sans ms', sans-serif;\" data-language-for-alternatives=\"es\" data-language-to-translate-into=\"it\" data-phrase-index=\"13\">considerados por esta sociedad, como residuos a\u00fan siendo asesinados en <\/span><span class=\"JLqJ4b ChMk0b\" style=\"font-family: 'comic sans ms', sans-serif;\" data-language-for-alternatives=\"es\" data-language-to-translate-into=\"it\" data-phrase-index=\"15\">el \u00fatero materno.<\/span><\/strong><\/p>\n<p style=\"text-align: center;\"><strong><span class=\"VIiyi\" style=\"font-family: comic sans ms, sans-serif;\" lang=\"es\"> <span class=\"JLqJ4b ChMk0b\" data-language-for-alternatives=\"es\" data-language-to-translate-into=\"it\" data-phrase-index=\"17\">\u00danase a ellos en Su dolorosa pasi\u00f3n.<\/span> <\/span><span class=\"VIiyi\" style=\"font-family: comic sans ms, sans-serif;\" lang=\"es\"><span class=\"JLqJ4b ChMk0b\" data-language-for-alternatives=\"es\" data-language-to-translate-into=\"it\" data-phrase-index=\"19\">Juntos pedimos a la Iglesia<\/span> <span class=\"JLqJ4b ChMk0b\" data-language-for-alternatives=\"es\" data-language-to-translate-into=\"it\" data-phrase-index=\"21\">el reconocimiento de su martirio<\/span> <\/span><\/strong><\/p>\n<p style=\"text-align: center;\"><strong><span class=\"VIiyi\" style=\"font-family: comic sans ms, sans-serif;\" lang=\"es\"><span class=\"JLqJ4b ChMk0b\" data-language-for-alternatives=\"es\" data-language-to-translate-into=\"it\" data-phrase-index=\"23\">La Gracia en el bautismo da a todos los hermanos y hermanas el sacerdocio com\u00fan de los fieles.<\/span> <span class=\"JLqJ4b ChMk0b\" data-language-for-alternatives=\"es\" data-language-to-translate-into=\"it\" data-phrase-index=\"24\">Te hace participar del misterio de Cristo que se ofrece al Padre por la humanidad.<\/span> <span class=\"JLqJ4b ChMk0b\" data-language-for-alternatives=\"es\" data-language-to-translate-into=\"it\" data-phrase-index=\"25\">Combinemos la ofrenda de nuestra vida con la de los Inocentes, no <\/span><\/span><\/strong><strong><span class=\"VIiyi\" style=\"font-family: comic sans ms, sans-serif;\" lang=\"es\"><span class=\"JLqJ4b ChMk0b\" data-language-for-alternatives=\"es\" data-language-to-translate-into=\"it\" data-phrase-index=\"25\">nacidos<\/span><\/span><\/strong><strong><span class=\"VIiyi\" style=\"font-family: comic sans ms, sans-serif;\" lang=\"es\"><span class=\"JLqJ4b ChMk0b\" data-language-for-alternatives=\"es\" data-language-to-translate-into=\"it\" data-phrase-index=\"25\"> m\u00e1rtires que, sin oponer ning\u00fan obst\u00e1culo a la Gracia, glorificaron a Dios no con palabras, sino con sangre.<\/span><\/span><\/strong><\/p>\n<p style=\"text-align: center;\">&nbsp;<\/p>\n","protected":false},"excerpt":{"rendered":"<p>Queridos sacerdotes, Ofrecen todos los d\u00edas, en el Sacrificio de la Santa Misa al Padre el Preciosisimo Cuerpo, Sangre, Alma<\/p>\n","protected":false},"author":1,"featured_media":0,"parent":0,"menu_order":0,"comment_status":"closed","ping_status":"closed","template":"","meta":{"footnotes":""},"class_list":["post-35","page","type-page","status-publish","hentry"],"_links":{"self":[{"href":"http:\/\/martiriabortiti.org\/index.php?rest_route=\/wp\/v2\/pages\/35","targetHints":{"allow":["GET"]}}],"collection":[{"href":"http:\/\/martiriabortiti.org\/index.php?rest_route=\/wp\/v2\/pages"}],"about":[{"href":"http:\/\/martiriabortiti.org\/index.php?rest_route=\/wp\/v2\/types\/page"}],"author":[{"embeddable":true,"href":"http:\/\/martiriabortiti.org\/index.php?rest_route=\/wp\/v2\/users\/1"}],"replies":[{"embeddable":true,"href":"http:\/\/martiriabortiti.org\/index.php?rest_route=%2Fwp%2Fv2%2Fcomments&post=35"}],"version-history":[{"count":12,"href":"http:\/\/martiriabortiti.org\/index.php?rest_route=\/wp\/v2\/pages\/35\/revisions"}],"predecessor-version":[{"id":1957,"href":"http:\/\/martiriabortiti.org\/index.php?rest_route=\/wp\/v2\/pages\/35\/revisions\/1957"}],"wp:attachment":[{"href":"http:\/\/martiriabortiti.org\/index.php?rest_route=%2Fwp%2Fv2%2Fmedia&parent=35"}],"curies":[{"name":"wp","href":"https:\/\/api.w.org\/{rel}","templated":true}]}}